{"id":388,"date":"2024-01-10T01:07:16","date_gmt":"2024-01-10T00:07:16","guid":{"rendered":"https:\/\/dissidenz.com\/?page_id=388"},"modified":"2024-03-05T19:59:46","modified_gmt":"2024-03-05T18:59:46","slug":"about","status":"publish","type":"page","link":"https:\/\/dissidenz.com\/index.php\/about\/","title":{"rendered":"About"},"content":{"rendered":"<div class=\"wpb-content-wrapper\">[vc_row thb_divider_position=&#8221;bottom&#8221; el_class=&#8221;align-center&#8221; css=&#8221;.vc_custom_1474306346779{padding-top: 120px !important;padding-bottom: 30px !important;}&#8221;][vc_column offset=&#8221;vc_col-lg-7 vc_col-md-9&#8243;]\t<div id=\"thb-fadetype-56\" class=\"thb-fadetype  thb-fadetype-style1\">\n\t\t\t\t\t\t<h1 style=\"text-align: center;\"><div class=\"thb-fadetype-entry\">Distribution, production, curation, consulting and more<\/div><\/h1>\t\t<\/div>\n\t[\/vc_column][\/vc_row][vc_row thb_divider_position=&#8221;bottom&#8221; el_class=&#8221;align-center&#8221;][vc_column offset=&#8221;vc_col-lg-10 vc_col-md-12&#8243;]\t\t\t\t\t<div id=\"thb-image-slider-22\" class=\"thb-image-slider slick thb-image-slider-style1    dark-arrow   \" data-pagination=\"true\" data-navigation=\"\" data-center=\"0\" data-columns=\"1\" data-infinite=\"true\" data-autoplay=\"\" data-autoplay-speed=\"4000\">\n\t\t\t\t\t\t\t\t\t\t\t\t\t<figure>\n\t\t\t\t\t\t\t\t\t\t\t\t\t\t\t\t\t<img loading=\"lazy\" decoding=\"async\" width=\"1000\" height=\"419\" src=\"https:\/\/dissidenz.com\/wp-content\/uploads\/2024\/01\/sch_edit_v048_4k.00_08_23_22.Still463-e1704845726439.png\" class=\"thb-ignore-lazyload attachment-full thb-lazyload lazyload\" alt=\"\" title=\"sch_edit_v048_4k.00_08_23_22.Still463\" sizes=\"auto, (max-width: 1000px) 100vw, 1000px\" data-src=\"https:\/\/dissidenz.com\/wp-content\/uploads\/2024\/01\/sch_edit_v048_4k.00_08_23_22.Still463-e1704845726439.png\" data-sizes=\"auto\" data-srcset=\"https:\/\/dissidenz.com\/wp-content\/uploads\/2024\/01\/sch_edit_v048_4k.00_08_23_22.Still463-e1704845726439.png 1000w, https:\/\/dissidenz.com\/wp-content\/uploads\/2024\/01\/sch_edit_v048_4k.00_08_23_22.Still463-e1704845726439-600x251.png 600w\" \/>\t\t\t\t\t\t\t\t\t\t\t\t\t\t\t\t\t\t\t\t\t\t\t\t<\/figure>\n\t\t\t\t\t\t\t\t\t\t\t<\/div>\n\t\t\t\t\t\t[\/vc_column][\/vc_row][vc_row thb_divider_position=&#8221;bottom&#8221; el_class=&#8221;align-center&#8221; css=&#8221;.vc_custom_1705010129620{padding-top: 4% !important;}&#8221;][vc_column offset=&#8221;vc_col-lg-7 vc_col-md-9&#8243;][vc_column_text]\n<h4>Distribution<\/h4>\n<p><strong>Dissidenz Films is initially a Paris-based distribution company founded by Bich-Quan Tran and focused on Asian auteur films (all genres), maverick documentary features (all nationalities) as well as cross-genre works.<\/strong><\/p>\n<p>Our releases include <em>11.25: The Day He Chose His Own Fate<\/em> by Koji Wakamatsu, <em>Pluto<\/em> by Shin Su-won, <em>Bleak Night<\/em> by Yoon Sung-hyun, <em>Han Gong-Ju<\/em> by Lee Sujin, <em>Death In The Land Of Encantos<\/em> by Lav Diaz, <em>Shadow Days<\/em> by Zhao Dayong and <em>Women Of The Weeping River<\/em> by Sheron Dayoc, as well as <em>Special Flight<\/em> by Fernand Melgar, <em>Forget Me Not<\/em> by David Sieveking, <em>Dior and I<\/em> by Frederic Tcheng, <em>Life, Animated<\/em> by Roger Ross Williams, <em>Christo: Walking on Water<\/em> by Andrey M. Paounov, <em>Love It Was Not<\/em> by Maya Sarfaty, to name a few \u2013 all films having been selected and\/or rewarded in A-category international film festivals such as Cannes, Berlin, Venice, Locarno, Busan, Rotterdam film festivals.<br \/>\nIn 2022, Dissidenz Films has also released its first Asian classic: Lou Ye\u2019s 4K restored masterpiece <em>Suzhou River<\/em>.<br \/>\nCheck out our website dedicated to distribution here: <a href=\"https:\/\/www.dissidenzfilms.com\" target=\"_blank\" rel=\"noopener\">www.dissidenzfilms.com<\/a>[\/vc_column_text][\/vc_column][\/vc_row][vc_row thb_divider_position=&#8221;bottom&#8221; el_class=&#8221;align-center&#8221;][vc_column offset=&#8221;vc_col-lg-7 vc_col-md-9&#8243;][vc_column_text]\n<h4>Production<\/h4>\n<p><strong>Dissidenz Films now more specifically looks into coproducing bold and innovative auteur-driven gems from Asia aimed at a diverse audience as well as outstanding uncompromising films by directors with a unique artistic vision.<\/strong><\/p>\n<p><em>Schirkoa: in Lies We Trust<\/em>, an official French-Indian co-production, is Dissidenz Films\u2019 first animated feature as a delegate producer. The movie, entirely made in Unreal Engine, has world premiered at International Film Festival Rotterdam 2024 in the Bright Future section and won the NETPAC Award for Best Asian Film. Dissidenz Films has also just completed the production of Japanese director Sayaka Kai\u2019s second feature film <em>Adabana<\/em>, set to world premiere in 2024 as well.[\/vc_column_text][\/vc_column][\/vc_row][vc_row thb_divider_position=&#8221;bottom&#8221; el_class=&#8221;align-center&#8221;][vc_column offset=&#8221;vc_col-lg-7 vc_col-md-9&#8243;][vc_column_text]\n<h4>Et Cetera<\/h4>\n<p>In May 2022, Bich-Quan Tran curated &#8220;Hymno&#8221; by Lav Diaz for Kunstenfestivaldesarts in Brussels -an international performing arts festival dedicated to contemporary theatre, dance, performance and visual arts- in partnership with Galeries Cinema. &#8220;Hymno&#8221; is both an exhibition made of emblematic excerpts from Lav Diaz&#8217;s movies that take the visitors into a unique immersive sensory journey and a live performance that introduces us to mourning rituals as related in <em>Taal<\/em>, which Lav Diaz shot while filming <em>When The Waves Are Gone<\/em>.<\/p>\n<p>In addition, Bich-Quan Tran is also the founder of work-in-progress Europe-based French\/English online magazine <a href=\"https:\/\/www.asiaetcetera.com\" target=\"_blank\" rel=\"noopener\">asiaetcetera.com<\/a> dedicated to Asian cinema and cultures and occasionally assists small businesses (from the movie industry or not) in change management matters and other out-of-the-blue subjects.[\/vc_column_text][\/vc_column][\/vc_row][vc_row thb_divider_position=&#8221;bottom&#8221; el_class=&#8221;align-center&#8221;][vc_column offset=&#8221;vc_col-lg-7 vc_col-md-9&#8243;][vc_column_text]\n<h4>Offices<\/h4>\n<p>We are both on the ground (in Europe and Asia) and agile, whether WFH or on the move! Best way to reach out is by e-mail. Do not WhatsApp if uninvited, thank you![\/vc_column_text][\/vc_column][\/vc_row][vc_row thb_divider_position=&#8221;bottom&#8221; el_class=&#8221;align-center&#8221; css=&#8221;.vc_custom_1474312250754{padding-bottom: 5% !important;}&#8221;][vc_column offset=&#8221;vc_col-lg-5 vc_col-md-6&#8243; el_class=&#8221;text-center&#8221;]\t<div id=\"thb-image-69ddf490789ac\" class=\"caption-style1 animation fade-in alignleft full  thb_image_link wp-caption\">\n\t\t\t<div class=\"thb-image-inner size_100\">\n\t\t\t<img loading=\"lazy\" decoding=\"async\" width=\"500\" height=\"349\" src=\"https:\/\/dissidenz.com\/wp-content\/uploads\/2024\/01\/buster-keaton-500x349-1.jpg\" class=\"thb_image   thb-ignore-lazyload attachment-full thb-lazyload lazyload\" alt=\"\" title=\"buster-keaton-500x349\" sizes=\"auto, (max-width: 500px) 100vw, 500px\" data-src=\"https:\/\/dissidenz.com\/wp-content\/uploads\/2024\/01\/buster-keaton-500x349-1.jpg\" data-sizes=\"auto\" data-srcset=\"https:\/\/dissidenz.com\/wp-content\/uploads\/2024\/01\/buster-keaton-500x349-1.jpg 500w, https:\/\/dissidenz.com\/wp-content\/uploads\/2024\/01\/buster-keaton-500x349-1-320x223.jpg 320w, https:\/\/dissidenz.com\/wp-content\/uploads\/2024\/01\/buster-keaton-500x349-1-20x15.jpg 20w\" \/>\n\t\t<\/div>\n\t\t\t\t<div class=\"wp-caption-text\">The Electric House (1922)<\/div>\n\t\t\t\t<\/div>\n\t[vc_empty_space height=&#8221;40px&#8221;][vc_column_text el_class=&#8221;text-center&#8221; css=&#8221;.vc_custom_1705074920539{padding-top: 0px !important;padding-right: 10% !important;padding-bottom: 0px !important;padding-left: 10% !important;}&#8221;]\n<h2>Europe<\/h2>\n<p>14 rue Charles V, 75004 Paris, France<br \/>\ncontact (at) dissidenz.com[\/vc_column_text][\/vc_column][vc_column offset=&#8221;vc_col-lg-5 vc_col-md-6&#8243; el_class=&#8221;text-center&#8221;]\t<div id=\"thb-image-69ddf49078e78\" class=\"caption-style1 animation fade-in alignleft full  thb_image_link wp-caption\">\n\t\t\t<div class=\"thb-image-inner size_100\">\n\t\t\t<img loading=\"lazy\" decoding=\"async\" width=\"500\" height=\"349\" src=\"https:\/\/dissidenz.com\/wp-content\/uploads\/2024\/01\/matrix-500x349-1.jpg\" class=\"thb_image   thb-ignore-lazyload attachment-full thb-lazyload lazyload\" alt=\"\" title=\"matrix-500x349\" sizes=\"auto, (max-width: 500px) 100vw, 500px\" data-src=\"https:\/\/dissidenz.com\/wp-content\/uploads\/2024\/01\/matrix-500x349-1.jpg\" data-sizes=\"auto\" data-srcset=\"https:\/\/dissidenz.com\/wp-content\/uploads\/2024\/01\/matrix-500x349-1.jpg 500w, https:\/\/dissidenz.com\/wp-content\/uploads\/2024\/01\/matrix-500x349-1-320x223.jpg 320w, https:\/\/dissidenz.com\/wp-content\/uploads\/2024\/01\/matrix-500x349-1-20x15.jpg 20w\" \/>\n\t\t<\/div>\n\t\t\t\t<div class=\"wp-caption-text\">The Matrix (1999)<\/div>\n\t\t\t\t<\/div>\n\t[vc_empty_space height=&#8221;40px&#8221;][vc_column_text el_class=&#8221;text-center&#8221; css=&#8221;.vc_custom_1705074949786{padding-top: 0px !important;padding-right: 10% !important;padding-bottom: 0px !important;padding-left: 10% !important;}&#8221;]\n<h2>Asia<\/h2>\n<p>N 22\u00b0 32&#8242; 8.502&#8243;, E 88\u00b0 20&#8242; 41.964&#8243;<br \/>\ncontact [at] dissidenz.com[\/vc_column_text][\/vc_column][\/vc_row][vc_row thb_full_width=&#8221;true&#8221; thb_row_padding=&#8221;true&#8221; thb_column_padding=&#8221;true&#8221; thb_divider_position=&#8221;bottom&#8221; css=&#8221;.vc_custom_1709665031484{padding-top: 10vh !important;padding-bottom: 10vh !important;background-color: #cecece !important;}&#8221; el_class=&#8221;align-center&#8221;][vc_column offset=&#8221;vc_col-lg-7 vc_col-md-9&#8243;]\t<div id=\"thb-testimonials-56\" class=\"thb-testimonials slick style1  \" data-columns=\"1\" data-pagination=\"true\"\n\t\t\t\t\t\t\t\t\t\t\t\t\tdata-fade=\"true\" data-autoplay=\"true\" data-autoplay-speed=\"4000\">\n\t\t\t<div class=\"thb-testimonial\">\n\t\t<blockquote><p>\u201cAn artist\u2019s true wealth comes from the diversity of his creation\u201d<\/p>\n<\/blockquote>\n\t\t\t\t\t\t\t\t<div>\n\t\t\t\t<cite>L\u00ea B\u00e1 \u0110\u1ea3ng<\/cite>\n\t\t\t<span class=\"title\"><\/span>\n\t\t\t<\/div>\n\t\t\t<\/div>\n\t\t<div class=\"thb-testimonial\">\n\t\t<blockquote><p>\u201cChoosing neutrality in matters of oppression only reinforces structural violence.\u201c<\/p>\n<\/blockquote>\n\t\t\t\t\t\t\t\t<div>\n\t\t\t\t<cite>Carmen Maria Machado<\/cite>\n\t\t\t<span class=\"title\"><\/span>\n\t\t\t<\/div>\n\t\t\t<\/div>\n\t\t<div class=\"thb-testimonial\">\n\t\t<blockquote><p>\u201cBirds born in a cage think flying is an illness.\u201c<\/p>\n<\/blockquote>\n\t\t\t\t\t\t\t\t<div>\n\t\t\t\t<cite>Alejandro Jodorowsky<\/cite>\n\t\t\t<span class=\"title\"><\/span>\n\t\t\t<\/div>\n\t\t\t<\/div>\n\t\t<\/div>\n\t[\/vc_column][\/vc_row]\n<\/div>","protected":false},"excerpt":{"rendered":"<p>[vc_row thb_divider_position=&#8221;bottom&#8221; el_class=&#8221;align-center&#8221; css=&#8221;.vc_custom_1474306346779{padding-top: 120px !important;padding-bottom: 30px !important;}&#8221;][vc_column offset=&#8221;vc_col-lg-7 vc_col-md-9&#8243;][\/vc_column][\/vc_row][vc_row thb_divider_position=&#8221;bottom&#8221; el_class=&#8221;align-center&#8221;][vc_column offset=&#8221;vc_col-lg-10 vc_col-md-12&#8243;][\/vc_column][\/vc_row][vc_row thb_divider_position=&#8221;bottom&#8221; el_class=&#8221;align-center&#8221; css=&#8221;.vc_custom_1705010129620{padding-top: 4% !important;}&#8221;][vc_column offset=&#8221;vc_col-lg-7 vc_col-md-9&#8243;][vc_column_text] Distribution Dissidenz Films is initially a Paris-based distribution company founded by Bich-Quan Tran and focused on Asian auteur films (all genres), maverick documentary features (all nationalities) as well as cross-genre works. Our releases include&hellip;<\/p>\n","protected":false},"author":1,"featured_media":0,"parent":0,"menu_order":0,"comment_status":"closed","ping_status":"closed","template":"","meta":{"footnotes":""},"folder":[],"class_list":["post-388","page","type-page","status-publish","hentry"],"jetpack_sharing_enabled":true,"_links":{"self":[{"href":"https:\/\/dissidenz.com\/index.php\/wp-json\/wp\/v2\/pages\/388","targetHints":{"allow":["GET"]}}],"collection":[{"href":"https:\/\/dissidenz.com\/index.php\/wp-json\/wp\/v2\/pages"}],"about":[{"href":"https:\/\/dissidenz.com\/index.php\/wp-json\/wp\/v2\/types\/page"}],"author":[{"embeddable":true,"href":"https:\/\/dissidenz.com\/index.php\/wp-json\/wp\/v2\/users\/1"}],"replies":[{"embeddable":true,"href":"https:\/\/dissidenz.com\/index.php\/wp-json\/wp\/v2\/comments?post=388"}],"version-history":[{"count":20,"href":"https:\/\/dissidenz.com\/index.php\/wp-json\/wp\/v2\/pages\/388\/revisions"}],"predecessor-version":[{"id":525,"href":"https:\/\/dissidenz.com\/index.php\/wp-json\/wp\/v2\/pages\/388\/revisions\/525"}],"wp:attachment":[{"href":"https:\/\/dissidenz.com\/index.php\/wp-json\/wp\/v2\/media?parent=388"}],"wp:term":[{"taxonomy":"folder","embeddable":true,"href":"https:\/\/dissidenz.com\/index.php\/wp-json\/wp\/v2\/folder?post=388"}],"curies":[{"name":"wp","href":"https:\/\/api.w.org\/{rel}","templated":true}]}}